{"id":1590,"date":"2021-05-10T08:58:44","date_gmt":"2021-05-10T08:58:44","guid":{"rendered":"http:\/\/www.nicdarkthemes.com\/themes\/seafood\/wp\/demo\/restaurant\/?page_id=1590"},"modified":"2026-02-06T21:03:03","modified_gmt":"2026-02-06T21:03:03","slug":"ekibimiz","status":"publish","type":"page","link":"https:\/\/www.evrenhelvaci.com\/en\/ekibimiz\/","title":{"rendered":"Our Team"},"content":{"rendered":"<div data-elementor-type=\"wp-page\" data-elementor-id=\"1590\" class=\"elementor elementor-1590\">\n\t\t\t\t\t\t<section class=\"elementor-section elementor-top-section elementor-element elementor-element-3d904eb6 elementor-section-stretched elementor-section-boxed elementor-section-height-default elementor-section-height-default wpr-particle-no wpr-jarallax-no wpr-parallax-no wpr-sticky-section-no\" data-id=\"3d904eb6\" data-element_type=\"section\" data-settings=\"{&quot;stretch_section&quot;:&quot;section-stretched&quot;,&quot;background_background&quot;:&quot;classic&quot;}\">\n\t\t\t\t\t\t\t<div class=\"elementor-background-overlay\"><\/div>\n\t\t\t\t\t\t\t<div class=\"elementor-container elementor-column-gap-default\">\n\t\t\t\t\t<div class=\"elementor-column elementor-col-100 elementor-top-column elementor-element elementor-element-6dc56f14\" data-id=\"6dc56f14\" data-element_type=\"column\">\n\t\t\t<div class=\"elementor-widget-wrap elementor-element-populated\">\n\t\t\t\t\t\t<div class=\"elementor-element elementor-element-16c8e2d7 elementor-widget elementor-widget-heading\" data-id=\"16c8e2d7\" data-element_type=\"widget\" data-widget_type=\"heading.default\">\n\t\t\t\t\t<h1 class=\"elementor-heading-title elementor-size-default\">Sizi Anlayan Bir Ekip\n<\/h1>\t\t\t\t<\/div>\n\t\t\t\t<div class=\"elementor-element elementor-element-19ffa4e3 elementor-widget elementor-widget-heading\" data-id=\"19ffa4e3\" data-element_type=\"widget\" data-widget_type=\"heading.default\">\n\t\t\t\t\t<p class=\"elementor-heading-title elementor-size-default\">\nEstetik, yaln\u0131zca teknik bir m\u00fcdahale de\u011fildir.\nSizi dinleyen, beklentinizi do\u011fru anlayan ve en uygun planlamay\u0131 yapan bir ekiple y\u00fcr\u00fct\u00fcld\u00fc\u011f\u00fcnde, ger\u00e7ek memnuniyet ba\u015flar.\nEvren Helvac\u0131 Klini\u011fi\u2019nde, deneyim kadar yakla\u015f\u0131m da \u00f6nemlidir.<\/p>\t\t\t\t<\/div>\n\t\t\t\t<div class=\"elementor-element elementor-element-4f8febee elementor-widget elementor-widget-spacer\" data-id=\"4f8febee\" data-element_type=\"widget\" data-widget_type=\"spacer.default\">\n\t\t\t\t\t\t\t<div class=\"elementor-spacer\">\n\t\t\t<div class=\"elementor-spacer-inner\"><\/div>\n\t\t<\/div>\n\t\t\t\t\t\t<\/div>\n\t\t\t\t\t<\/div>\n\t\t<\/div>\n\t\t\t\t\t<\/div>\n\t\t<\/section>\n\t\t\t\t<section class=\"elementor-section elementor-top-section elementor-element elementor-element-40e1b153 elementor-section-content-middle elementor-section-stretched elementor-section-boxed elementor-section-height-default elementor-section-height-default wpr-particle-no wpr-jarallax-no wpr-parallax-no wpr-sticky-section-no\" data-id=\"40e1b153\" data-element_type=\"section\" data-settings=\"{&quot;stretch_section&quot;:&quot;section-stretched&quot;,&quot;background_background&quot;:&quot;classic&quot;}\">\n\t\t\t\t\t\t\t<div class=\"elementor-background-overlay\"><\/div>\n\t\t\t\t\t\t\t<div class=\"elementor-container elementor-column-gap-default\">\n\t\t\t\t\t<div class=\"elementor-column elementor-col-100 elementor-top-column elementor-element elementor-element-7e8a359a\" data-id=\"7e8a359a\" data-element_type=\"column\">\n\t\t\t<div class=\"elementor-widget-wrap elementor-element-populated\">\n\t\t\t\t\t\t<div class=\"elementor-element elementor-element-6b99cb6d elementor-widget elementor-widget-heading\" data-id=\"6b99cb6d\" data-element_type=\"widget\" data-widget_type=\"heading.default\">\n\t\t\t\t\t<h2 class=\"elementor-heading-title elementor-size-default\">Uzman Ekibimizle Tan\u0131\u015f\u0131n\n<\/h2>\t\t\t\t<\/div>\n\t\t\t\t<div class=\"elementor-element elementor-element-c46ccda elementor-position-top elementor-widget elementor-widget-image-box\" data-id=\"c46ccda\" data-element_type=\"widget\" data-widget_type=\"image-box.default\">\n\t\t\t\t\t<div class=\"elementor-image-box-wrapper\"><figure class=\"elementor-image-box-img\"><img fetchpriority=\"high\" decoding=\"async\" width=\"1707\" height=\"2560\" src=\"https:\/\/www.evrenhelvaci.com\/wp-content\/uploads\/2025\/09\/STJ01641-scaled.jpg\" class=\"attachment-full size-full wp-image-12745\" alt=\"\" srcset=\"https:\/\/www.evrenhelvaci.com\/wp-content\/uploads\/2025\/09\/STJ01641-scaled.jpg 1707w, https:\/\/www.evrenhelvaci.com\/wp-content\/uploads\/2025\/09\/STJ01641-200x300.jpg 200w, https:\/\/www.evrenhelvaci.com\/wp-content\/uploads\/2025\/09\/STJ01641-683x1024.jpg 683w, https:\/\/www.evrenhelvaci.com\/wp-content\/uploads\/2025\/09\/STJ01641-768x1152.jpg 768w, https:\/\/www.evrenhelvaci.com\/wp-content\/uploads\/2025\/09\/STJ01641-1024x1536.jpg 1024w, https:\/\/www.evrenhelvaci.com\/wp-content\/uploads\/2025\/09\/STJ01641-1365x2048.jpg 1365w, https:\/\/www.evrenhelvaci.com\/wp-content\/uploads\/2025\/09\/STJ01641-600x900.jpg 600w\" sizes=\"(max-width: 1707px) 100vw, 1707px\" \/><\/figure><div class=\"elementor-image-box-content\"><h3 class=\"elementor-image-box-title\">Op. Dr. Evren HELVACI<\/h3><p class=\"elementor-image-box-description\">Estetik ve Plastik Cerrahi Uzman\u0131<\/p><\/div><\/div>\t\t\t\t<\/div>\n\t\t<div class=\"elementor-element elementor-element-8df3835 e-grid e-con-full wpr-particle-no wpr-jarallax-no wpr-parallax-no wpr-sticky-section-no e-con e-parent\" data-id=\"8df3835\" data-element_type=\"container\">\n\t\t\t\t<div class=\"elementor-element elementor-element-cd4c541 elementor-position-top elementor-widget elementor-widget-image-box\" data-id=\"cd4c541\" data-element_type=\"widget\" data-widget_type=\"image-box.default\">\n\t\t\t\t\t<div class=\"elementor-image-box-wrapper\"><figure class=\"elementor-image-box-img\"><img decoding=\"async\" width=\"1080\" height=\"1350\" src=\"https:\/\/www.evrenhelvaci.com\/wp-content\/uploads\/2025\/12\/HilalYuldsheva_Hemsire.jpg\" class=\"attachment-full size-full wp-image-13148\" alt=\"\" srcset=\"https:\/\/www.evrenhelvaci.com\/wp-content\/uploads\/2025\/12\/HilalYuldsheva_Hemsire.jpg 1080w, https:\/\/www.evrenhelvaci.com\/wp-content\/uploads\/2025\/12\/HilalYuldsheva_Hemsire-240x300.jpg 240w, https:\/\/www.evrenhelvaci.com\/wp-content\/uploads\/2025\/12\/HilalYuldsheva_Hemsire-819x1024.jpg 819w, https:\/\/www.evrenhelvaci.com\/wp-content\/uploads\/2025\/12\/HilalYuldsheva_Hemsire-768x960.jpg 768w, https:\/\/www.evrenhelvaci.com\/wp-content\/uploads\/2025\/12\/HilalYuldsheva_Hemsire-600x750.jpg 600w\" sizes=\"(max-width: 1080px) 100vw, 1080px\" \/><\/figure><div class=\"elementor-image-box-content\"><h3 class=\"elementor-image-box-title\">Hilal  YULDSHEVA<\/h3><\/div><\/div>\t\t\t\t<\/div>\n\t\t\t\t<div class=\"elementor-element elementor-element-a58d2fe elementor-position-top elementor-widget elementor-widget-image-box\" data-id=\"a58d2fe\" data-element_type=\"widget\" data-widget_type=\"image-box.default\">\n\t\t\t\t\t<div class=\"elementor-image-box-wrapper\"><figure class=\"elementor-image-box-img\"><img decoding=\"async\" width=\"1080\" height=\"1350\" src=\"https:\/\/www.evrenhelvaci.com\/wp-content\/uploads\/2025\/12\/MelikeKumas_Hemsire.jpg\" class=\"attachment-full size-full wp-image-13150\" alt=\"\" srcset=\"https:\/\/www.evrenhelvaci.com\/wp-content\/uploads\/2025\/12\/MelikeKumas_Hemsire.jpg 1080w, https:\/\/www.evrenhelvaci.com\/wp-content\/uploads\/2025\/12\/MelikeKumas_Hemsire-240x300.jpg 240w, https:\/\/www.evrenhelvaci.com\/wp-content\/uploads\/2025\/12\/MelikeKumas_Hemsire-819x1024.jpg 819w, https:\/\/www.evrenhelvaci.com\/wp-content\/uploads\/2025\/12\/MelikeKumas_Hemsire-768x960.jpg 768w, https:\/\/www.evrenhelvaci.com\/wp-content\/uploads\/2025\/12\/MelikeKumas_Hemsire-600x750.jpg 600w\" sizes=\"(max-width: 1080px) 100vw, 1080px\" \/><\/figure><div class=\"elementor-image-box-content\"><h3 class=\"elementor-image-box-title\">Melike KUMA\u015e<\/h3><\/div><\/div>\t\t\t\t<\/div>\n\t\t\t\t<div class=\"elementor-element elementor-element-f0f7948 elementor-position-top elementor-widget elementor-widget-image-box\" data-id=\"f0f7948\" data-element_type=\"widget\" data-widget_type=\"image-box.default\">\n\t\t\t\t\t<div class=\"elementor-image-box-wrapper\"><figure class=\"elementor-image-box-img\"><img loading=\"lazy\" decoding=\"async\" width=\"1080\" height=\"1350\" src=\"https:\/\/www.evrenhelvaci.com\/wp-content\/uploads\/2025\/12\/AliCanEsmer_Tercuman.jpg\" class=\"attachment-full size-full wp-image-13146\" alt=\"\" srcset=\"https:\/\/www.evrenhelvaci.com\/wp-content\/uploads\/2025\/12\/AliCanEsmer_Tercuman.jpg 1080w, https:\/\/www.evrenhelvaci.com\/wp-content\/uploads\/2025\/12\/AliCanEsmer_Tercuman-240x300.jpg 240w, https:\/\/www.evrenhelvaci.com\/wp-content\/uploads\/2025\/12\/AliCanEsmer_Tercuman-819x1024.jpg 819w, https:\/\/www.evrenhelvaci.com\/wp-content\/uploads\/2025\/12\/AliCanEsmer_Tercuman-768x960.jpg 768w, https:\/\/www.evrenhelvaci.com\/wp-content\/uploads\/2025\/12\/AliCanEsmer_Tercuman-600x750.jpg 600w\" sizes=\"(max-width: 1080px) 100vw, 1080px\" \/><\/figure><div class=\"elementor-image-box-content\"><h3 class=\"elementor-image-box-title\">Alican ESMER<\/h3><\/div><\/div>\t\t\t\t<\/div>\n\t\t\t\t<div class=\"elementor-element elementor-element-38866ed elementor-position-top elementor-widget elementor-widget-image-box\" data-id=\"38866ed\" data-element_type=\"widget\" data-widget_type=\"image-box.default\">\n\t\t\t\t\t<div class=\"elementor-image-box-wrapper\"><figure class=\"elementor-image-box-img\"><img loading=\"lazy\" decoding=\"async\" width=\"1080\" height=\"1350\" src=\"https:\/\/www.evrenhelvaci.com\/wp-content\/uploads\/2025\/12\/GokceMutlu_Sekreter.jpg\" class=\"attachment-full size-full wp-image-13147\" alt=\"\" srcset=\"https:\/\/www.evrenhelvaci.com\/wp-content\/uploads\/2025\/12\/GokceMutlu_Sekreter.jpg 1080w, https:\/\/www.evrenhelvaci.com\/wp-content\/uploads\/2025\/12\/GokceMutlu_Sekreter-240x300.jpg 240w, https:\/\/www.evrenhelvaci.com\/wp-content\/uploads\/2025\/12\/GokceMutlu_Sekreter-819x1024.jpg 819w, https:\/\/www.evrenhelvaci.com\/wp-content\/uploads\/2025\/12\/GokceMutlu_Sekreter-768x960.jpg 768w, https:\/\/www.evrenhelvaci.com\/wp-content\/uploads\/2025\/12\/GokceMutlu_Sekreter-600x750.jpg 600w\" sizes=\"(max-width: 1080px) 100vw, 1080px\" \/><\/figure><div class=\"elementor-image-box-content\"><h3 class=\"elementor-image-box-title\">G\u00f6k\u00e7e MUTLU<\/h3><\/div><\/div>\t\t\t\t<\/div>\n\t\t\t\t<div class=\"elementor-element elementor-element-0333c23 elementor-position-top elementor-widget elementor-widget-image-box\" data-id=\"0333c23\" data-element_type=\"widget\" data-widget_type=\"image-box.default\">\n\t\t\t\t\t<div class=\"elementor-image-box-wrapper\"><figure class=\"elementor-image-box-img\"><img loading=\"lazy\" decoding=\"async\" width=\"1080\" height=\"1350\" src=\"https:\/\/www.evrenhelvaci.com\/wp-content\/uploads\/2025\/12\/SumeyyeYilmaz_Sekreter.jpg\" class=\"attachment-full size-full wp-image-13149\" alt=\"\" srcset=\"https:\/\/www.evrenhelvaci.com\/wp-content\/uploads\/2025\/12\/SumeyyeYilmaz_Sekreter.jpg 1080w, https:\/\/www.evrenhelvaci.com\/wp-content\/uploads\/2025\/12\/SumeyyeYilmaz_Sekreter-240x300.jpg 240w, https:\/\/www.evrenhelvaci.com\/wp-content\/uploads\/2025\/12\/SumeyyeYilmaz_Sekreter-819x1024.jpg 819w, https:\/\/www.evrenhelvaci.com\/wp-content\/uploads\/2025\/12\/SumeyyeYilmaz_Sekreter-768x960.jpg 768w, https:\/\/www.evrenhelvaci.com\/wp-content\/uploads\/2025\/12\/SumeyyeYilmaz_Sekreter-600x750.jpg 600w\" sizes=\"(max-width: 1080px) 100vw, 1080px\" \/><\/figure><div class=\"elementor-image-box-content\"><h3 class=\"elementor-image-box-title\">S\u00fcmeyye YILMAZ<\/h3><\/div><\/div>\t\t\t\t<\/div>\n\t\t\t\t<\/div>\n\t\t\t\t\t<\/div>\n\t\t<\/div>\n\t\t\t\t\t<\/div>\n\t\t<\/section>\n\t\t\t\t<section class=\"elementor-section elementor-top-section elementor-element elementor-element-8c11645 elementor-section-stretched elementor-section-full_width elementor-section-content-middle elementor-section-height-default elementor-section-height-default wpr-particle-no wpr-jarallax-no wpr-parallax-no wpr-sticky-section-no\" data-id=\"8c11645\" data-element_type=\"section\" data-settings=\"{&quot;stretch_section&quot;:&quot;section-stretched&quot;}\">\n\t\t\t\t\t\t<div class=\"elementor-container elementor-column-gap-default\">\n\t\t\t\t\t<div class=\"elementor-column elementor-col-50 elementor-top-column elementor-element elementor-element-7ada8e3b\" data-id=\"7ada8e3b\" data-element_type=\"column\" data-settings=\"{&quot;background_background&quot;:&quot;classic&quot;}\">\n\t\t\t<div class=\"elementor-widget-wrap elementor-element-populated\">\n\t\t\t\t\t<div class=\"elementor-background-overlay\"><\/div>\n\t\t\t\t\t\t<div class=\"elementor-element elementor-element-66515a68 elementor-widget elementor-widget-heading\" data-id=\"66515a68\" data-element_type=\"widget\" data-widget_type=\"heading.default\">\n\t\t\t\t\t<h2 class=\"elementor-heading-title elementor-size-default\">Medical Aesthetic Procedures <\/h2>\t\t\t\t<\/div>\n\t\t\t\t<div class=\"elementor-element elementor-element-d42f1ab elementor-align-center elementor-widget elementor-widget-button\" data-id=\"d42f1ab\" data-element_type=\"widget\" data-widget_type=\"button.default\">\n\t\t\t\t\t\t\t\t\t\t<a class=\"elementor-button elementor-button-link elementor-size-md elementor-animation-shrink\" href=\"https:\/\/www.evrenhelvaci.com\/en\/woocommerce-pages\/medikal-estetik\/\">\n\t\t\t\t\t\t<span class=\"elementor-button-content-wrapper\">\n\t\t\t\t\t\t\t\t\t<span class=\"elementor-button-text\">MORE<\/span>\n\t\t\t\t\t<\/span>\n\t\t\t\t\t<\/a>\n\t\t\t\t\t\t\t\t<\/div>\n\t\t\t\t\t<\/div>\n\t\t<\/div>\n\t\t\t\t<div class=\"elementor-column elementor-col-50 elementor-top-column elementor-element elementor-element-28a8dccf\" data-id=\"28a8dccf\" data-element_type=\"column\" data-settings=\"{&quot;background_background&quot;:&quot;classic&quot;}\">\n\t\t\t<div class=\"elementor-widget-wrap elementor-element-populated\">\n\t\t\t\t\t<div class=\"elementor-background-overlay\"><\/div>\n\t\t\t\t\t\t<div class=\"elementor-element elementor-element-24957d25 elementor-widget elementor-widget-heading\" data-id=\"24957d25\" data-element_type=\"widget\" data-widget_type=\"heading.default\">\n\t\t\t\t\t<h2 class=\"elementor-heading-title elementor-size-default\">Aesthetic Surgery <br>\u0130\u015flemler<\/h2>\t\t\t\t<\/div>\n\t\t\t\t<div class=\"elementor-element elementor-element-41fa415 elementor-align-center elementor-widget elementor-widget-button\" data-id=\"41fa415\" data-element_type=\"widget\" data-widget_type=\"button.default\">\n\t\t\t\t\t\t\t\t\t\t<a class=\"elementor-button elementor-size-md elementor-animation-shrink\" role=\"button\">\n\t\t\t\t\t\t<span class=\"elementor-button-content-wrapper\">\n\t\t\t\t\t\t\t\t\t<span class=\"elementor-button-text\">MORE<\/span>\n\t\t\t\t\t<\/span>\n\t\t\t\t\t<\/a>\n\t\t\t\t\t\t\t\t<\/div>\n\t\t\t\t\t<\/div>\n\t\t<\/div>\n\t\t\t\t\t<\/div>\n\t\t<\/section>\n\t\t\t\t<\/div>\n\t\t\n    <div class=\"xs_social_share_widget xs_share_url after_content \t\tmain_content  wslu-style-1 wslu-share-box-shaped wslu-fill-colored wslu-none wslu-share-horizontal wslu-theme-font-no wslu-main_content\">\n\n\t\t\n        <ul>\n\t\t\t        <\/ul>\n    <\/div>","protected":false},"excerpt":{"rendered":"<p>Sizi Anlayan Bir Ekip Estetik, yaln\u0131zca teknik bir m\u00fcdahale de\u011fildir. Sizi dinleyen, beklentinizi do\u011fru anlayan ve en uygun planlamay\u0131 yapan bir ekiple y\u00fcr\u00fct\u00fcld\u00fc\u011f\u00fcnde, ger\u00e7ek memnuniyet ba\u015flar. Evren Helvac\u0131 Klini\u011fi\u2019nde, deneyim kadar yakla\u015f\u0131m da \u00f6nemlidir. Uzman Ekibimizle Tan\u0131\u015f\u0131n Op. Dr. Evren HELVACI Estetik ve Plastik Cerrahi Uzman\u0131 Hilal YULDSHEVA Melike KUMA\u015e Alican ESMER G\u00f6k\u00e7e MUTLU S\u00fcmeyye YILMAZ Medikal Estetik \u0130\u015flemler DAHA FAZLA Estetik Cerrahi \u0130\u015flemler DAHA FAZLA<\/p>","protected":false},"author":1,"featured_media":0,"parent":0,"menu_order":0,"comment_status":"closed","ping_status":"closed","template":"","meta":{"_acf_changed":false,"footnotes":""},"class_list":["post-1590","page","type-page","status-publish","hentry"],"acf":[],"_links":{"self":[{"href":"https:\/\/www.evrenhelvaci.com\/en\/wp-json\/wp\/v2\/pages\/1590","targetHints":{"allow":["GET"]}}],"collection":[{"href":"https:\/\/www.evrenhelvaci.com\/en\/wp-json\/wp\/v2\/pages"}],"about":[{"href":"https:\/\/www.evrenhelvaci.com\/en\/wp-json\/wp\/v2\/types\/page"}],"author":[{"embeddable":true,"href":"https:\/\/www.evrenhelvaci.com\/en\/wp-json\/wp\/v2\/users\/1"}],"replies":[{"embeddable":true,"href":"https:\/\/www.evrenhelvaci.com\/en\/wp-json\/wp\/v2\/comments?post=1590"}],"version-history":[{"count":40,"href":"https:\/\/www.evrenhelvaci.com\/en\/wp-json\/wp\/v2\/pages\/1590\/revisions"}],"predecessor-version":[{"id":13989,"href":"https:\/\/www.evrenhelvaci.com\/en\/wp-json\/wp\/v2\/pages\/1590\/revisions\/13989"}],"wp:attachment":[{"href":"https:\/\/www.evrenhelvaci.com\/en\/wp-json\/wp\/v2\/media?parent=1590"}],"curies":[{"name":"wp","href":"https:\/\/api.w.org\/{rel}","templated":true}]}}