{"id":12993,"date":"2025-10-13T10:53:39","date_gmt":"2025-10-13T10:53:39","guid":{"rendered":"https:\/\/www.evrenhelvaci.com\/?post_type=product&#038;p=12993"},"modified":"2026-01-11T17:41:04","modified_gmt":"2026-01-11T17:41:04","slug":"meme-buyutme","status":"publish","type":"product","link":"https:\/\/www.evrenhelvaci.com\/en\/product\/meme-buyutme\/","title":{"rendered":"Breast Augmentation"},"content":{"rendered":"<p class=\"cvGsUA direction-ltr align-justify para-style-body\"><strong><span class=\"a_GcMg font-feature-liga-off font-feature-clig-off font-feature-calt-off text-decoration-underline text-strikethrough-none\">Meme B\u00fcy\u00fctme Nedir?<\/span><\/strong><\/p>\n<p class=\"cvGsUA direction-ltr align-justify para-style-body\"><span class=\"a_GcMg font-feature-liga-off font-feature-clig-off font-feature-calt-off text-decoration-none text-strikethrough-none\">Meme b\u00fcy\u00fctme, genellikle silikon implantlar kullan\u0131larak g\u00f6\u011f\u00fcs dokusunun hacmini art\u0131rmaya y\u00f6nelik yap\u0131lan bir estetik cerrahidir. \u0130mplantlar meme dokusunun alt\u0131na veya kas alt\u0131na yerle\u015ftirilir. Ki\u015finin v\u00fccut yap\u0131s\u0131na, meme anatomisine ve estetik beklentilerine g\u00f6re farkl\u0131 tekniklerle uygulanabilir.<\/span><\/p>\n<p class=\"cvGsUA direction-ltr align-justify para-style-body\"><strong><span class=\"a_GcMg font-feature-liga-off font-feature-clig-off font-feature-calt-off text-decoration-underline text-strikethrough-none\">Uygulama Alanlar\u0131<\/span><\/strong><\/p>\n<ul>\n<li><span class=\"a_GcMg font-feature-liga-off font-feature-clig-off font-feature-calt-off text-decoration-none text-strikethrough-none\">G\u00f6\u011f\u00fcsleri do\u011fu\u015ftan k\u00fc\u00e7\u00fck olanlar<\/span><\/li>\n<li><span class=\"a_GcMg font-feature-liga-off font-feature-clig-off font-feature-calt-off text-decoration-none text-strikethrough-none\">Kilo kayb\u0131, do\u011fum veya emzirme sonras\u0131 hacim kayb\u0131 ya\u015fayanlar<\/span><\/li>\n<li><span class=\"a_GcMg font-feature-liga-off font-feature-clig-off font-feature-calt-off text-decoration-none text-strikethrough-none\">\u0130ki g\u00f6\u011fs\u00fc aras\u0131nda belirgin boyut fark\u0131 olanlar<\/span><\/li>\n<li><span class=\"a_GcMg font-feature-liga-off font-feature-clig-off font-feature-calt-off text-decoration-none text-strikethrough-none\">Daha feminen ve dengeli bir v\u00fccut oran\u0131 isteyenler<\/span><\/li>\n<li><span class=\"a_GcMg font-feature-liga-off font-feature-clig-off font-feature-calt-off text-decoration-none text-strikethrough-none\">Estetik kayg\u0131lardan dolay\u0131 \u00f6zg\u00fcven eksikli\u011fi ya\u015fayan bireyler<\/span><\/li>\n<\/ul>\n<p class=\"cvGsUA direction-ltr align-justify para-style-body\"><strong><span class=\"a_GcMg font-feature-liga-off font-feature-clig-off font-feature-calt-off text-decoration-underline text-strikethrough-none\">\u0130\u015flem S\u00fcresi ve Etkisi<\/span><\/strong><\/p>\n<ul>\n<li><span class=\"a_GcMg font-feature-liga-off font-feature-clig-off font-feature-calt-off text-decoration-none text-strikethrough-none\">Operasyon s\u00fcresi: 1\u20132 saat<\/span><\/li>\n<li><span class=\"a_GcMg font-feature-liga-off font-feature-clig-off font-feature-calt-off text-decoration-none text-strikethrough-none\">Anestezi: Genel anestezi uygulan\u0131r<\/span><\/li>\n<li><span class=\"a_GcMg font-feature-liga-off font-feature-clig-off font-feature-calt-off text-decoration-none text-strikethrough-none\">\u0130yile\u015fme s\u00fcreci: \u0130lk 2\u20133 g\u00fcn istirahat \u00f6nerilir. 1 hafta i\u00e7inde normal hayata d\u00f6n\u00fc\u015f sa\u011flanabilir<\/span><\/li>\n<li><span class=\"a_GcMg font-feature-liga-off font-feature-clig-off font-feature-calt-off text-decoration-none text-strikethrough-none\">Korse s\u00fcresi: Operasyon sonras\u0131 \u00f6zel sutyen veya korse kullan\u0131m\u0131 \u00f6nerilir<\/span><\/li>\n<li><span class=\"a_GcMg font-feature-liga-off font-feature-clig-off font-feature-calt-off text-decoration-none text-strikethrough-none\">Sonu\u00e7lar\u0131n oturmas\u0131: Ortalama 3\u20136 hafta i\u00e7inde \u015fekil oturur, nihai g\u00f6r\u00fcn\u00fcm 3 ayda netle\u015fir<\/span><\/li>\n<\/ul>\n<p class=\"cvGsUA direction-ltr align-justify para-style-body\"><strong><span class=\"a_GcMg font-feature-liga-off font-feature-clig-off font-feature-calt-off text-decoration-underline text-strikethrough-none\">Avantajlar\u0131<\/span><\/strong><\/p>\n<ul>\n<li><span class=\"a_GcMg font-feature-liga-off font-feature-clig-off font-feature-calt-off text-decoration-none text-strikethrough-none\">G\u00f6\u011f\u00fcs hacmini ve formunu art\u0131r\u0131r<\/span><\/li>\n<li><span class=\"a_GcMg font-feature-liga-off font-feature-clig-off font-feature-calt-off text-decoration-none text-strikethrough-none\">V\u00fccut oranlar\u0131n\u0131 dengeler<\/span><\/li>\n<li><span class=\"a_GcMg font-feature-liga-off font-feature-clig-off font-feature-calt-off text-decoration-none text-strikethrough-none\">Do\u011fal ve ki\u015fiye \u00f6zel sonu\u00e7lar elde edilir<\/span><\/li>\n<li><span class=\"a_GcMg font-feature-liga-off font-feature-clig-off font-feature-calt-off text-decoration-none text-strikethrough-none\">Kal\u0131c\u0131 ve uzun \u00f6m\u00fcrl\u00fc bir estetik \u00e7\u00f6z\u00fcm sunar<\/span><\/li>\n<li><span class=\"a_GcMg font-feature-liga-off font-feature-clig-off font-feature-calt-off text-decoration-none text-strikethrough-none\">\u00d6zg\u00fcven art\u0131\u015f\u0131 sa\u011flar<\/span><\/li>\n<\/ul>\n\n    <div class=\"xs_social_share_widget xs_share_url after_content \t\tmain_content  wslu-style-1 wslu-share-box-shaped wslu-fill-colored wslu-none wslu-share-horizontal wslu-theme-font-no wslu-main_content\">\n\n\t\t\n        <ul>\n\t\t\t        <\/ul>\n    <\/div>","protected":false},"excerpt":{"rendered":"<p class=\"cvGsUA direction-ltr align-justify para-style-body\"><span class=\"a_GcMg font-feature-liga-off font-feature-clig-off font-feature-calt-off text-decoration-underline text-strikethrough-none\">V\u00fccut Hatlar\u0131n\u0131zla Uyumlu, Do\u011fal ve Kal\u0131c\u0131 Bir De\u011fi\u015fim<\/span><\/p>\n<p class=\"cvGsUA direction-ltr align-justify para-style-body\"><span class=\"a_GcMg font-feature-liga-off font-feature-clig-off font-feature-calt-off text-decoration-none text-strikethrough-none\">Meme b\u00fcy\u00fctme ameliyat\u0131, g\u00f6\u011f\u00fcs hacmini art\u0131rmak ve v\u00fccut hatlar\u0131n\u0131 dengelemek amac\u0131yla uygulanan cerrahi bir i\u015flemdir. Ki\u015fiye \u00f6zel planlanan bu operasyon, hem estetik g\u00f6r\u00fcn\u00fcm hem de \u00f6zg\u00fcven a\u00e7\u0131s\u0131ndan g\u00fc\u00e7l\u00fc etkiler yarat\u0131r.<\/span><\/p>\n<p class=\"cvGsUA direction-ltr align-justify para-style-body\">","protected":false},"featured_media":13329,"comment_status":"closed","ping_status":"closed","template":"","meta":{"_acf_changed":false},"product_brand":[],"product_cat":[34],"product_tag":[],"class_list":{"0":"post-12993","1":"product","2":"type-product","3":"status-publish","4":"has-post-thumbnail","6":"product_cat-estetik-cerrahi","8":"first","9":"instock","10":"sold-individually","11":"shipping-taxable","12":"purchasable","13":"product-type-simple"},"acf":[],"_links":{"self":[{"href":"https:\/\/www.evrenhelvaci.com\/en\/wp-json\/wp\/v2\/product\/12993","targetHints":{"allow":["GET"]}}],"collection":[{"href":"https:\/\/www.evrenhelvaci.com\/en\/wp-json\/wp\/v2\/product"}],"about":[{"href":"https:\/\/www.evrenhelvaci.com\/en\/wp-json\/wp\/v2\/types\/product"}],"replies":[{"embeddable":true,"href":"https:\/\/www.evrenhelvaci.com\/en\/wp-json\/wp\/v2\/comments?post=12993"}],"wp:featuredmedia":[{"embeddable":true,"href":"https:\/\/www.evrenhelvaci.com\/en\/wp-json\/wp\/v2\/media\/13329"}],"wp:attachment":[{"href":"https:\/\/www.evrenhelvaci.com\/en\/wp-json\/wp\/v2\/media?parent=12993"}],"wp:term":[{"taxonomy":"product_brand","embeddable":true,"href":"https:\/\/www.evrenhelvaci.com\/en\/wp-json\/wp\/v2\/product_brand?post=12993"},{"taxonomy":"product_cat","embeddable":true,"href":"https:\/\/www.evrenhelvaci.com\/en\/wp-json\/wp\/v2\/product_cat?post=12993"},{"taxonomy":"product_tag","embeddable":true,"href":"https:\/\/www.evrenhelvaci.com\/en\/wp-json\/wp\/v2\/product_tag?post=12993"}],"curies":[{"name":"wp","href":"https:\/\/api.w.org\/{rel}","templated":true}]}}