{"id":12995,"date":"2025-10-13T10:56:34","date_gmt":"2025-10-13T10:56:34","guid":{"rendered":"https:\/\/www.evrenhelvaci.com\/?post_type=product&#038;p=12995"},"modified":"2026-01-11T17:41:04","modified_gmt":"2026-01-11T17:41:04","slug":"meme-kucultme","status":"publish","type":"product","link":"https:\/\/www.evrenhelvaci.com\/en\/product\/meme-kucultme\/","title":{"rendered":"Breast Reduction"},"content":{"rendered":"<p class=\"cvGsUA direction-ltr align-justify para-style-body\"><strong><span class=\"a_GcMg font-feature-liga-off font-feature-clig-off font-feature-calt-off text-decoration-underline text-strikethrough-none\">Meme K\u00fc\u00e7\u00fcltme Nedir?<\/span><\/strong><\/p>\n<p class=\"cvGsUA direction-ltr align-justify para-style-body\"><span class=\"a_GcMg font-feature-liga-off font-feature-clig-off font-feature-calt-off text-decoration-none text-strikethrough-none\">Meme k\u00fc\u00e7\u00fcltme, b\u00fcy\u00fck ve a\u011f\u0131r meme dokusunun fazla olan k\u0131sm\u0131n\u0131n \u00e7\u0131kar\u0131lmas\u0131 ve meme ba\u015f\u0131 konumunun yeniden d\u00fczenlenmesiyle uygulanan estetik cerrahidir. Sadece g\u00f6r\u00fcn\u00fcm de\u011fil; boyun, s\u0131rt ve omuz a\u011fr\u0131lar\u0131 gibi fiziksel \u015fik\u00e2yetleri de gidermeye yard\u0131mc\u0131 olur.<\/span><\/p>\n<p class=\"cvGsUA direction-ltr align-justify para-style-body\"><strong><span class=\"a_GcMg font-feature-liga-off font-feature-clig-off font-feature-calt-off text-decoration-underline text-strikethrough-none\">Uygulama Alanlar\u0131<\/span><\/strong><\/p>\n<ul>\n<li><span class=\"a_GcMg font-feature-liga-off font-feature-clig-off font-feature-calt-off text-decoration-none text-strikethrough-none\">G\u00fcnl\u00fck ya\u015famda g\u00f6\u011f\u00fcs hacmi nedeniyle hareket k\u0131s\u0131tl\u0131l\u0131\u011f\u0131 ya\u015fayanlar<\/span><\/li>\n<li><span class=\"a_GcMg font-feature-liga-off font-feature-clig-off font-feature-calt-off text-decoration-none text-strikethrough-none\">S\u00fcrekli s\u0131rt, boyun ve omuz a\u011fr\u0131s\u0131 \u00e7eken bireyler<\/span><\/li>\n<li><span class=\"a_GcMg font-feature-liga-off font-feature-clig-off font-feature-calt-off text-decoration-none text-strikethrough-none\">Meme altlar\u0131nda pi\u015fik, mantar ve tahri\u015f olu\u015fanlar<\/span><\/li>\n<li><span class=\"a_GcMg font-feature-liga-off font-feature-clig-off font-feature-calt-off text-decoration-none text-strikethrough-none\">Estetik olarak daha dengeli ve fit bir g\u00f6r\u00fcn\u00fcm isteyenler<\/span><\/li>\n<li><span class=\"a_GcMg font-feature-liga-off font-feature-clig-off font-feature-calt-off text-decoration-none text-strikethrough-none\">V\u00fccut orant\u0131s\u0131n\u0131 yeniden kazanmak isteyen kad\u0131nlar<\/span><\/li>\n<\/ul>\n<p class=\"cvGsUA direction-ltr align-justify para-style-body\"><strong><span class=\"a_GcMg font-feature-liga-off font-feature-clig-off font-feature-calt-off text-decoration-underline text-strikethrough-none\">\u0130\u015flem S\u00fcresi ve Etkisi<\/span><\/strong><\/p>\n<ul>\n<li><span class=\"a_GcMg font-feature-liga-off font-feature-clig-off font-feature-calt-off text-decoration-none text-strikethrough-none\">S\u00fcre: 2\u20133 saat<\/span><\/li>\n<li><span class=\"a_GcMg font-feature-liga-off font-feature-clig-off font-feature-calt-off text-decoration-none text-strikethrough-none\">Anestezi: Genel anestezi alt\u0131nda yap\u0131l\u0131r<\/span><\/li>\n<li><span class=\"a_GcMg font-feature-liga-off font-feature-clig-off font-feature-calt-off text-decoration-none text-strikethrough-none\">Hastanede kal\u0131\u015f: Genellikle 1 gece<\/span><\/li>\n<li><span class=\"a_GcMg font-feature-liga-off font-feature-clig-off font-feature-calt-off text-decoration-none text-strikethrough-none\">\u0130yile\u015fme s\u00fcreci: \u0130lk hafta dinlenme, 3\u20136 hafta \u00f6zel sutyen kullan\u0131m\u0131<\/span><\/li>\n<li><span class=\"a_GcMg font-feature-liga-off font-feature-clig-off font-feature-calt-off text-decoration-none text-strikethrough-none\">\u0130z: Meme alt\u0131 ve \u00e7evresinde zamanla silikle\u015fen izler kalabilir<\/span><\/li>\n<\/ul>\n<p class=\"cvGsUA direction-ltr align-justify para-style-body\"><strong><span class=\"a_GcMg font-feature-liga-off font-feature-clig-off font-feature-calt-off text-decoration-underline text-strikethrough-none\">Avantajlar\u0131<\/span><\/strong><\/p>\n<ul>\n<li><span class=\"a_GcMg font-feature-liga-off font-feature-clig-off font-feature-calt-off text-decoration-none text-strikethrough-none\">Fiziksel rahats\u0131zl\u0131klar\u0131 ortadan kald\u0131r\u0131r<\/span><\/li>\n<li><span class=\"a_GcMg font-feature-liga-off font-feature-clig-off font-feature-calt-off text-decoration-none text-strikethrough-none\">Daha orant\u0131l\u0131 ve estetik bir v\u00fccut g\u00f6r\u00fcn\u00fcm\u00fc sa\u011flar<\/span><\/li>\n<li><span class=\"a_GcMg font-feature-liga-off font-feature-clig-off font-feature-calt-off text-decoration-none text-strikethrough-none\">\u00d6zg\u00fcveni art\u0131r\u0131r<\/span><\/li>\n<li><span class=\"a_GcMg font-feature-liga-off font-feature-clig-off font-feature-calt-off text-decoration-none text-strikethrough-none\">K\u0131yafet se\u00e7iminde rahatl\u0131k sunar<\/span><\/li>\n<li><span class=\"a_GcMg font-feature-liga-off font-feature-clig-off font-feature-calt-off text-decoration-none text-strikethrough-none\">Kal\u0131c\u0131 ve etkili bir \u00e7\u00f6z\u00fcmd\u00fcr<\/span><\/li>\n<\/ul>\n\n    <div class=\"xs_social_share_widget xs_share_url after_content \t\tmain_content  wslu-style-1 wslu-share-box-shaped wslu-fill-colored wslu-none wslu-share-horizontal wslu-theme-font-no wslu-main_content\">\n\n\t\t\n        <ul>\n\t\t\t        <\/ul>\n    <\/div>","protected":false},"excerpt":{"rendered":"<p class=\"cvGsUA direction-ltr align-justify para-style-body\"><span class=\"a_GcMg font-feature-liga-off font-feature-clig-off font-feature-calt-off text-decoration-underline text-strikethrough-none\">Estetik ve Konforu Bir Arada Sunan Kal\u0131c\u0131 Bir \u00c7\u00f6z\u00fcm<\/span><\/p>\n<p class=\"cvGsUA direction-ltr align-justify para-style-body\"><span class=\"a_GcMg font-feature-liga-off font-feature-clig-off font-feature-calt-off text-decoration-none text-strikethrough-none\">Meme k\u00fc\u00e7\u00fcltme ameliyat\u0131; g\u00f6\u011f\u00fcslerin v\u00fccut oranlar\u0131na g\u00f6re fazla b\u00fcy\u00fck, sark\u0131k ya da a\u011f\u0131r olmas\u0131 durumunda hem estetik hem de fonksiyonel fayda sa\u011flayan cerrahi bir i\u015flemdir. Fiziksel rahatl\u0131k ve dengeli bir g\u00f6r\u00fcn\u00fcm hedeflenir.<\/span><\/p>","protected":false},"featured_media":13330,"comment_status":"closed","ping_status":"closed","template":"","meta":{"_acf_changed":false},"product_brand":[],"product_cat":[34],"product_tag":[],"class_list":{"0":"post-12995","1":"product","2":"type-product","3":"status-publish","4":"has-post-thumbnail","6":"product_cat-estetik-cerrahi","8":"first","9":"instock","10":"sold-individually","11":"shipping-taxable","12":"purchasable","13":"product-type-simple"},"acf":[],"_links":{"self":[{"href":"https:\/\/www.evrenhelvaci.com\/en\/wp-json\/wp\/v2\/product\/12995","targetHints":{"allow":["GET"]}}],"collection":[{"href":"https:\/\/www.evrenhelvaci.com\/en\/wp-json\/wp\/v2\/product"}],"about":[{"href":"https:\/\/www.evrenhelvaci.com\/en\/wp-json\/wp\/v2\/types\/product"}],"replies":[{"embeddable":true,"href":"https:\/\/www.evrenhelvaci.com\/en\/wp-json\/wp\/v2\/comments?post=12995"}],"wp:featuredmedia":[{"embeddable":true,"href":"https:\/\/www.evrenhelvaci.com\/en\/wp-json\/wp\/v2\/media\/13330"}],"wp:attachment":[{"href":"https:\/\/www.evrenhelvaci.com\/en\/wp-json\/wp\/v2\/media?parent=12995"}],"wp:term":[{"taxonomy":"product_brand","embeddable":true,"href":"https:\/\/www.evrenhelvaci.com\/en\/wp-json\/wp\/v2\/product_brand?post=12995"},{"taxonomy":"product_cat","embeddable":true,"href":"https:\/\/www.evrenhelvaci.com\/en\/wp-json\/wp\/v2\/product_cat?post=12995"},{"taxonomy":"product_tag","embeddable":true,"href":"https:\/\/www.evrenhelvaci.com\/en\/wp-json\/wp\/v2\/product_tag?post=12995"}],"curies":[{"name":"wp","href":"https:\/\/api.w.org\/{rel}","templated":true}]}}