{"id":13007,"date":"2025-10-15T12:31:00","date_gmt":"2025-10-15T12:31:00","guid":{"rendered":"https:\/\/www.evrenhelvaci.com\/?post_type=product&#038;p=13007"},"modified":"2026-01-11T17:41:04","modified_gmt":"2026-01-11T17:41:04","slug":"jinekomasti","status":"publish","type":"product","link":"https:\/\/www.evrenhelvaci.com\/en\/product\/jinekomasti\/","title":{"rendered":"Jinekomasti"},"content":{"rendered":"<p class=\"cvGsUA direction-ltr align-justify para-style-body\"><strong><span class=\"a_GcMg font-feature-liga-off font-feature-clig-off font-feature-calt-off text-decoration-underline text-strikethrough-none\">Jinekomasti Nedir?<\/span><\/strong><\/p>\n<p class=\"cvGsUA direction-ltr align-justify para-style-body\"><span class=\"a_GcMg font-feature-liga-off font-feature-clig-off font-feature-calt-off text-decoration-none text-strikethrough-none\">Jinekomasti, erkeklerde meme dokusunun normalden fazla b\u00fcy\u00fcmesidir. Tek ya da \u00e7ift tarafl\u0131 olabilir. Genellikle hormonal nedenlerle ortaya \u00e7\u0131kar ancak kilo art\u0131\u015f\u0131 veya baz\u0131 ila\u00e7lar\u0131n kullan\u0131m\u0131yla da ili\u015fkili olabilir. Cerrahi m\u00fcdahaleyle bu fazla doku al\u0131n\u0131r, gerekiyorsa liposuction ile ya\u011f fazlal\u0131klar\u0131 temizlenir.<\/span><\/p>\n<p class=\"cvGsUA direction-ltr align-justify para-style-body\"><strong><span class=\"a_GcMg font-feature-liga-off font-feature-clig-off font-feature-calt-off text-decoration-underline text-strikethrough-none\">Uygulama Alanlar\u0131<\/span><\/strong><\/p>\n<ul>\n<li><span class=\"a_GcMg font-feature-liga-off font-feature-clig-off font-feature-calt-off text-decoration-none text-strikethrough-none\">G\u00f6\u011f\u00fcs b\u00f6lgesinde hacim art\u0131\u015f\u0131 ve kad\u0131ns\u0131 g\u00f6r\u00fcn\u00fcmden rahats\u0131zl\u0131k duyan erkekler<\/span><\/li>\n<li><span class=\"a_GcMg font-feature-liga-off font-feature-clig-off font-feature-calt-off text-decoration-none text-strikethrough-none\">K\u0131yafet se\u00e7iminde zorlananlar<\/span><\/li>\n<li><span class=\"a_GcMg font-feature-liga-off font-feature-clig-off font-feature-calt-off text-decoration-none text-strikethrough-none\">Spor ve diyetle d\u00fczelmeyen meme b\u00fcy\u00fcmesi ya\u015fayanlar<\/span><\/li>\n<li><span class=\"a_GcMg font-feature-liga-off font-feature-clig-off font-feature-calt-off text-decoration-none text-strikethrough-none\">Sosyal veya psikolojik olarak bu durumdan olumsuz etkilenen bireyler<\/span><\/li>\n<li><span class=\"a_GcMg font-feature-liga-off font-feature-clig-off font-feature-calt-off text-decoration-none text-strikethrough-none\">Sa\u011fl\u0131\u011f\u0131 yerinde olan, 18 ya\u015f\u0131n\u0131 ge\u00e7mi\u015f erkek hastalar<\/span><\/li>\n<\/ul>\n<p class=\"cvGsUA direction-ltr align-justify para-style-body\"><strong><span class=\"a_GcMg font-feature-liga-off font-feature-clig-off font-feature-calt-off text-decoration-underline text-strikethrough-none\">\u0130\u015flem S\u00fcresi ve Etkisi<\/span><\/strong><\/p>\n<ul>\n<li><span class=\"a_GcMg font-feature-liga-off font-feature-clig-off font-feature-calt-off text-decoration-none text-strikethrough-none\">S\u00fcre: 1\u20132 saat<\/span><\/li>\n<li><span class=\"a_GcMg font-feature-liga-off font-feature-clig-off font-feature-calt-off text-decoration-none text-strikethrough-none\">Anestezi: Genel ya da lokal anesteziyle yap\u0131labilir<\/span><\/li>\n<li><span class=\"a_GcMg font-feature-liga-off font-feature-clig-off font-feature-calt-off text-decoration-none text-strikethrough-none\">Hastanede kal\u0131\u015f: Ayn\u0131 g\u00fcn taburcu m\u00fcmk\u00fcnd\u00fcr<\/span><\/li>\n<li><span class=\"a_GcMg font-feature-liga-off font-feature-clig-off font-feature-calt-off text-decoration-none text-strikethrough-none\">\u0130yile\u015fme: 3\u20135 g\u00fcn i\u00e7inde sosyal ya\u015fama d\u00f6n\u00fc\u015f, 3\u20134 hafta \u00f6zel korse kullan\u0131m\u0131<\/span><\/li>\n<li><span class=\"a_GcMg font-feature-liga-off font-feature-clig-off font-feature-calt-off text-decoration-none text-strikethrough-none\">\u0130z: K\u00fc\u00e7\u00fck kesilerle yap\u0131ld\u0131\u011f\u0131 i\u00e7in minimal iz kal\u0131r<\/span><\/li>\n<\/ul>\n<p class=\"cvGsUA direction-ltr align-justify para-style-body\"><strong><span class=\"a_GcMg font-feature-liga-off font-feature-clig-off font-feature-calt-off text-decoration-underline text-strikethrough-none\">Avantajlar\u0131<\/span><\/strong><\/p>\n<ul>\n<li><span class=\"a_GcMg font-feature-liga-off font-feature-clig-off font-feature-calt-off text-decoration-none text-strikethrough-none\">Daha d\u00fcz ve mask\u00fclen bir g\u00f6\u011f\u00fcs hatt\u0131<\/span><\/li>\n<li><span class=\"a_GcMg font-feature-liga-off font-feature-clig-off font-feature-calt-off text-decoration-none text-strikethrough-none\">K\u0131yafet tercihlerinde \u00f6zg\u00fcrl\u00fck<\/span><\/li>\n<li><span class=\"a_GcMg font-feature-liga-off font-feature-clig-off font-feature-calt-off text-decoration-none text-strikethrough-none\">Psikolojik rahatlama ve \u00f6zg\u00fcven art\u0131\u015f\u0131<\/span><\/li>\n<li><span class=\"a_GcMg font-feature-liga-off font-feature-clig-off font-feature-calt-off text-decoration-none text-strikethrough-none\">Kal\u0131c\u0131 sonu\u00e7lar<\/span><\/li>\n<li><span class=\"a_GcMg font-feature-liga-off font-feature-clig-off font-feature-calt-off text-decoration-none text-strikethrough-none\">Genellikle tek seansl\u0131k bir i\u015flemdir<\/span><\/li>\n<\/ul>\n\n    <div class=\"xs_social_share_widget xs_share_url after_content \t\tmain_content  wslu-style-1 wslu-share-box-shaped wslu-fill-colored wslu-none wslu-share-horizontal wslu-theme-font-no wslu-main_content\">\n\n\t\t\n        <ul>\n\t\t\t        <\/ul>\n    <\/div>","protected":false},"excerpt":{"rendered":"<p class=\"cvGsUA direction-ltr align-justify para-style-body\"><span class=\"a_GcMg font-feature-liga-off font-feature-clig-off font-feature-calt-off text-decoration-underline text-strikethrough-none\">Erkekler \u0130\u00e7in Daha Fit, Daha Net Bir G\u00f6\u011f\u00fcs Yap\u0131s\u0131<\/span><\/p>\n<p class=\"cvGsUA direction-ltr align-justify para-style-body\"><span class=\"a_GcMg font-feature-liga-off font-feature-clig-off font-feature-calt-off text-decoration-none text-strikethrough-none\">Jinekomasti; erkeklerde hormon dengesizli\u011fi, kilo de\u011fi\u015fimi veya genetik fakt\u00f6rler nedeniyle meme dokusunun b\u00fcy\u00fcmesiyle olu\u015fan estetik bir problemdir. Jinekomasti ameliyat\u0131, bu fazlal\u0131klar\u0131n cerrahi olarak giderilmesini sa\u011flar ve g\u00f6\u011f\u00fcs b\u00f6lgesine daha d\u00fcz, mask\u00fclen bir g\u00f6r\u00fcn\u00fcm kazand\u0131r\u0131r.<\/span><\/p>","protected":false},"featured_media":13335,"comment_status":"closed","ping_status":"closed","template":"","meta":{"_acf_changed":false},"product_brand":[],"product_cat":[34],"product_tag":[],"class_list":{"0":"post-13007","1":"product","2":"type-product","3":"status-publish","4":"has-post-thumbnail","6":"product_cat-estetik-cerrahi","8":"first","9":"instock","10":"sold-individually","11":"shipping-taxable","12":"product-type-simple"},"acf":[],"_links":{"self":[{"href":"https:\/\/www.evrenhelvaci.com\/en\/wp-json\/wp\/v2\/product\/13007","targetHints":{"allow":["GET"]}}],"collection":[{"href":"https:\/\/www.evrenhelvaci.com\/en\/wp-json\/wp\/v2\/product"}],"about":[{"href":"https:\/\/www.evrenhelvaci.com\/en\/wp-json\/wp\/v2\/types\/product"}],"replies":[{"embeddable":true,"href":"https:\/\/www.evrenhelvaci.com\/en\/wp-json\/wp\/v2\/comments?post=13007"}],"wp:featuredmedia":[{"embeddable":true,"href":"https:\/\/www.evrenhelvaci.com\/en\/wp-json\/wp\/v2\/media\/13335"}],"wp:attachment":[{"href":"https:\/\/www.evrenhelvaci.com\/en\/wp-json\/wp\/v2\/media?parent=13007"}],"wp:term":[{"taxonomy":"product_brand","embeddable":true,"href":"https:\/\/www.evrenhelvaci.com\/en\/wp-json\/wp\/v2\/product_brand?post=13007"},{"taxonomy":"product_cat","embeddable":true,"href":"https:\/\/www.evrenhelvaci.com\/en\/wp-json\/wp\/v2\/product_cat?post=13007"},{"taxonomy":"product_tag","embeddable":true,"href":"https:\/\/www.evrenhelvaci.com\/en\/wp-json\/wp\/v2\/product_tag?post=13007"}],"curies":[{"name":"wp","href":"https:\/\/api.w.org\/{rel}","templated":true}]}}