{"id":13008,"date":"2025-10-15T12:33:01","date_gmt":"2025-10-15T12:33:01","guid":{"rendered":"https:\/\/www.evrenhelvaci.com\/?post_type=product&#038;p=13008"},"modified":"2026-01-11T17:41:04","modified_gmt":"2026-01-11T17:41:04","slug":"post-bariatrik-cerrahi","status":"publish","type":"product","link":"https:\/\/www.evrenhelvaci.com\/en\/product\/post-bariatrik-cerrahi\/","title":{"rendered":"Post Bariatrik Cerrahi"},"content":{"rendered":"<p class=\"cvGsUA direction-ltr align-justify para-style-body\"><strong><span class=\"a_GcMg font-feature-liga-off font-feature-clig-off font-feature-calt-off text-decoration-underline text-strikethrough-none\">Post Bariatrik Cerrahi Nedir?<\/span><\/strong><\/p>\n<p class=\"cvGsUA direction-ltr align-justify para-style-body\"><span class=\"a_GcMg font-feature-liga-off font-feature-clig-off font-feature-calt-off text-decoration-none text-strikethrough-none\">B\u00fcy\u00fck miktarda kilo kaybeden bireylerde, deri elastikiyetini kaybetti\u011fi i\u00e7in cilt sarkmalar\u0131 ve doku fazlal\u0131klar\u0131 meydana gelir. Post bariatrik cerrahi; kar\u0131n germe, kol germe, bacak esteti\u011fi, meme toparlama, s\u0131rt ve kal\u00e7a b\u00f6lgesi \u015fekillendirme gibi birden fazla estetik i\u015flemin ki\u015fiye \u00f6zel planlanarak uygulanmas\u0131d\u0131r.<\/span><\/p>\n<p class=\"cvGsUA direction-ltr align-justify para-style-body\"><strong><span class=\"a_GcMg font-feature-liga-off font-feature-clig-off font-feature-calt-off text-decoration-underline text-strikethrough-none\">Uygulama Alanlar\u0131<\/span><\/strong><\/p>\n<ul>\n<li><span class=\"a_GcMg font-feature-liga-off font-feature-clig-off font-feature-calt-off text-decoration-none text-strikethrough-none\">Bariatrik cerrahi (t\u00fcp mide, gastrik bypass vb.) sonras\u0131 ideal kilosuna ula\u015fan bireyler<\/span><\/li>\n<li><span class=\"a_GcMg font-feature-liga-off font-feature-clig-off font-feature-calt-off text-decoration-none text-strikethrough-none\">Yo\u011fun kilo verimi sonras\u0131 v\u00fccudunda ciddi sarkmalar olu\u015fanlar<\/span><\/li>\n<li><span class=\"a_GcMg font-feature-liga-off font-feature-clig-off font-feature-calt-off text-decoration-none text-strikethrough-none\">K\u0131yafet se\u00e7iminde zorluk ya\u015fayanlar<\/span><\/li>\n<li><span class=\"a_GcMg font-feature-liga-off font-feature-clig-off font-feature-calt-off text-decoration-none text-strikethrough-none\">Fiziksel rahats\u0131zl\u0131k (pi\u015fik, mantar, tahri\u015f) ve g\u00f6r\u00fcnt\u00fc bozuklu\u011fu nedeniyle rahats\u0131zl\u0131k duyanlar<\/span><\/li>\n<li><span class=\"a_GcMg font-feature-liga-off font-feature-clig-off font-feature-calt-off text-decoration-none text-strikethrough-none\">Genel sa\u011fl\u0131k durumu ameliyata uygun olan ki\u015filer<\/span><\/li>\n<\/ul>\n<p class=\"cvGsUA direction-ltr align-justify para-style-body\"><strong><span class=\"a_GcMg font-feature-liga-off font-feature-clig-off font-feature-calt-off text-decoration-underline text-strikethrough-none\">\u0130\u015flem S\u00fcresi ve Etkisi<\/span><\/strong><\/p>\n<ul>\n<li><span class=\"a_GcMg font-feature-liga-off font-feature-clig-off font-feature-calt-off text-decoration-none text-strikethrough-none\">S\u00fcre: Yap\u0131lacak i\u015flemlere g\u00f6re de\u011fi\u015fir, genellikle 3\u20136 saat aras\u0131<\/span><\/li>\n<li><span class=\"a_GcMg font-feature-liga-off font-feature-clig-off font-feature-calt-off text-decoration-none text-strikethrough-none\">Anestezi: Genel anestezi alt\u0131nda<\/span><\/li>\n<li><span class=\"a_GcMg font-feature-liga-off font-feature-clig-off font-feature-calt-off text-decoration-none text-strikethrough-none\">Hastanede kal\u0131\u015f: 1\u20132 gece<\/span><\/li>\n<li><span class=\"a_GcMg font-feature-liga-off font-feature-clig-off font-feature-calt-off text-decoration-none text-strikethrough-none\">\u0130yile\u015fme: \u0130lk 10 g\u00fcn dinlenme, ortalama 4\u20136 hafta tam toparlanma<\/span><\/li>\n<li><span class=\"a_GcMg font-feature-liga-off font-feature-clig-off font-feature-calt-off text-decoration-none text-strikethrough-none\">\u0130z: Ameliyat b\u00f6lgelerinde kalacak \u015fekilde planlan\u0131r, zamanla silikle\u015fir<\/span><\/li>\n<\/ul>\n<p class=\"cvGsUA direction-ltr align-justify para-style-body\"><strong><span class=\"a_GcMg font-feature-liga-off font-feature-clig-off font-feature-calt-off text-decoration-underline text-strikethrough-none\">Avantajlar\u0131<\/span><\/strong><\/p>\n<ul>\n<li><span class=\"a_GcMg font-feature-liga-off font-feature-clig-off font-feature-calt-off text-decoration-none text-strikethrough-none\">Cilt sarkmalar\u0131n\u0131 ve gev\u015feklikleri giderir<\/span><\/li>\n<li><span class=\"a_GcMg font-feature-liga-off font-feature-clig-off font-feature-calt-off text-decoration-none text-strikethrough-none\">V\u00fccut hatlar\u0131n\u0131 orant\u0131l\u0131 ve estetik hale getirir<\/span><\/li>\n<li><span class=\"a_GcMg font-feature-liga-off font-feature-clig-off font-feature-calt-off text-decoration-none text-strikethrough-none\">Fiziksel rahatl\u0131k sa\u011flar<\/span><\/li>\n<li><span class=\"a_GcMg font-feature-liga-off font-feature-clig-off font-feature-calt-off text-decoration-none text-strikethrough-none\">Psikolojik olarak \u00f6zg\u00fcveni art\u0131r\u0131r<\/span><\/li>\n<li><span class=\"a_GcMg font-feature-liga-off font-feature-clig-off font-feature-calt-off text-decoration-none text-strikethrough-none\">Tek seansta birden fazla b\u00f6lgeye m\u00fcdahale edilebilir<\/span><\/li>\n<\/ul>\n\n    <div class=\"xs_social_share_widget xs_share_url after_content \t\tmain_content  wslu-style-1 wslu-share-box-shaped wslu-fill-colored wslu-none wslu-share-horizontal wslu-theme-font-no wslu-main_content\">\n\n\t\t\n        <ul>\n\t\t\t        <\/ul>\n    <\/div>","protected":false},"excerpt":{"rendered":"<p class=\"cvGsUA direction-ltr align-justify para-style-body\"><span class=\"a_GcMg font-feature-liga-off font-feature-clig-off font-feature-calt-off text-decoration-underline text-strikethrough-none\">B\u00fcy\u00fck Kilo Kayb\u0131 Sonras\u0131 V\u00fccudunuzu Yeniden \u015eekillendirin<\/span><\/p>\n<p class=\"cvGsUA direction-ltr align-justify para-style-body\"><span class=\"a_GcMg font-feature-liga-off font-feature-clig-off font-feature-calt-off text-decoration-none text-strikethrough-none\">Post bariatrik cerrahi; obezite cerrahisi veya yo\u011fun kilo kayb\u0131 sonras\u0131 v\u00fccutta olu\u015fan sarkma, gev\u015feme ve deformasyonlar\u0131 d\u00fczeltmeye y\u00f6nelik uygulanan kombine estetik cerrahilerdir. Ama\u00e7, daha s\u0131k\u0131, dengeli ve estetik bir v\u00fccut formuna ula\u015fmakt\u0131r.<\/span><\/p>","protected":false},"featured_media":13336,"comment_status":"closed","ping_status":"closed","template":"","meta":{"_acf_changed":false},"product_brand":[],"product_cat":[34],"product_tag":[],"class_list":{"0":"post-13008","1":"product","2":"type-product","3":"status-publish","4":"has-post-thumbnail","6":"product_cat-estetik-cerrahi","8":"first","9":"instock","10":"sold-individually","11":"shipping-taxable","12":"product-type-simple"},"acf":[],"_links":{"self":[{"href":"https:\/\/www.evrenhelvaci.com\/en\/wp-json\/wp\/v2\/product\/13008","targetHints":{"allow":["GET"]}}],"collection":[{"href":"https:\/\/www.evrenhelvaci.com\/en\/wp-json\/wp\/v2\/product"}],"about":[{"href":"https:\/\/www.evrenhelvaci.com\/en\/wp-json\/wp\/v2\/types\/product"}],"replies":[{"embeddable":true,"href":"https:\/\/www.evrenhelvaci.com\/en\/wp-json\/wp\/v2\/comments?post=13008"}],"wp:featuredmedia":[{"embeddable":true,"href":"https:\/\/www.evrenhelvaci.com\/en\/wp-json\/wp\/v2\/media\/13336"}],"wp:attachment":[{"href":"https:\/\/www.evrenhelvaci.com\/en\/wp-json\/wp\/v2\/media?parent=13008"}],"wp:term":[{"taxonomy":"product_brand","embeddable":true,"href":"https:\/\/www.evrenhelvaci.com\/en\/wp-json\/wp\/v2\/product_brand?post=13008"},{"taxonomy":"product_cat","embeddable":true,"href":"https:\/\/www.evrenhelvaci.com\/en\/wp-json\/wp\/v2\/product_cat?post=13008"},{"taxonomy":"product_tag","embeddable":true,"href":"https:\/\/www.evrenhelvaci.com\/en\/wp-json\/wp\/v2\/product_tag?post=13008"}],"curies":[{"name":"wp","href":"https:\/\/api.w.org\/{rel}","templated":true}]}}