{"id":13009,"date":"2025-10-15T12:34:56","date_gmt":"2025-10-15T12:34:56","guid":{"rendered":"https:\/\/www.evrenhelvaci.com\/?post_type=product&#038;p=13009"},"modified":"2026-01-11T17:41:04","modified_gmt":"2026-01-11T17:41:04","slug":"j-plasma","status":"publish","type":"product","link":"https:\/\/www.evrenhelvaci.com\/en\/product\/j-plasma\/","title":{"rendered":"J Plasma"},"content":{"rendered":"<p class=\"cvGsUA direction-ltr align-justify para-style-body\"><strong><span class=\"a_GcMg font-feature-liga-off font-feature-clig-off font-feature-calt-off text-decoration-underline text-strikethrough-none\">J Plasma Nedir?<\/span><\/strong><\/p>\n<p class=\"cvGsUA direction-ltr align-justify para-style-body\"><span class=\"a_GcMg font-feature-liga-off font-feature-clig-off font-feature-calt-off text-decoration-none text-strikethrough-none\">J Plasma (di\u011fer ad\u0131yla Renuvion), cilt alt\u0131na uygulanan \u00f6zel bir plazma enerjisiyle kolajen \u00fcretimini tetikler, gev\u015fek ve sarkmaya ba\u015flam\u0131\u015f dokular\u0131 toparlar. Y\u00fcz, boyun, kar\u0131n, bel, s\u0131rt, kol ve uyluk gibi pek \u00e7ok b\u00f6lgede etkilidir. Genellikle liposuction ile kombine edilerek daha net sonu\u00e7lar al\u0131n\u0131r.<\/span><\/p>\n<p class=\"cvGsUA direction-ltr align-justify para-style-body\"><strong><span class=\"a_GcMg font-feature-liga-off font-feature-clig-off font-feature-calt-off text-decoration-underline text-strikethrough-none\">Uygulama Alanlar\u0131<\/span><\/strong><\/p>\n<ul>\n<li><span class=\"a_GcMg font-feature-liga-off font-feature-clig-off font-feature-calt-off text-decoration-none text-strikethrough-none\">Cildinde sarkma veya elastikiyet kayb\u0131 ba\u015flayan ki\u015filer<\/span><\/li>\n<li><span class=\"a_GcMg font-feature-liga-off font-feature-clig-off font-feature-calt-off text-decoration-none text-strikethrough-none\">Klasik cerrahiden uzak durmak isteyenler<\/span><\/li>\n<li><span class=\"a_GcMg font-feature-liga-off font-feature-clig-off font-feature-calt-off text-decoration-none text-strikethrough-none\">Liposuction sonras\u0131 daha s\u0131k\u0131 bir g\u00f6r\u00fcn\u00fcm elde etmek isteyen bireyler<\/span><\/li>\n<li><span class=\"a_GcMg font-feature-liga-off font-feature-clig-off font-feature-calt-off text-decoration-none text-strikethrough-none\">Ameliyat izinden ka\u00e7\u0131nan, h\u0131zl\u0131 iyile\u015fme s\u00fcreci arayanlar<\/span><\/li>\n<li><span class=\"a_GcMg font-feature-liga-off font-feature-clig-off font-feature-calt-off text-decoration-none text-strikethrough-none\">Hafif-orta d\u00fczeyde cilt gev\u015fekli\u011fi olan kad\u0131n ve erkekler<\/span><\/li>\n<\/ul>\n<p class=\"cvGsUA direction-ltr align-justify para-style-body\"><strong><span class=\"a_GcMg font-feature-liga-off font-feature-clig-off font-feature-calt-off text-decoration-underline text-strikethrough-none\">\u0130\u015flem S\u00fcresi ve Etkisi<\/span><\/strong><\/p>\n<ul>\n<li><span class=\"a_GcMg font-feature-liga-off font-feature-clig-off font-feature-calt-off text-decoration-none text-strikethrough-none\">S\u00fcre: Uygulama yap\u0131lacak b\u00f6lgeye g\u00f6re 1\u20132 saat. Y\u00fcz ve boyun b\u00f6lgelerine uygulanmamaktad\u0131r.<\/span><\/li>\n<li><span class=\"a_GcMg font-feature-liga-off font-feature-clig-off font-feature-calt-off text-decoration-none text-strikethrough-none\">\u0130\u015flemi genel anestezi ile yap\u0131lmaktad\u0131r.<\/span><\/li>\n<li><span class=\"a_GcMg font-feature-liga-off font-feature-clig-off font-feature-calt-off text-decoration-none text-strikethrough-none\">Hastanede kal\u0131\u015f: 1 gece<\/span><\/li>\n<li><span class=\"a_GcMg font-feature-liga-off font-feature-clig-off font-feature-calt-off text-decoration-none text-strikethrough-none\">\u0130yile\u015fme: 3\u20135 g\u00fcn i\u00e7inde g\u00fcnl\u00fck ya\u015fama d\u00f6n\u00fc\u015f, korse kullan\u0131m\u0131 2\u20133 hafta<\/span><\/li>\n<li><span class=\"a_GcMg font-feature-liga-off font-feature-clig-off font-feature-calt-off text-decoration-none text-strikethrough-none\">\u0130z: Mikro giri\u015f noktalar\u0131 kullan\u0131ld\u0131\u011f\u0131ndan belirgin iz kalmaz.<\/span><\/li>\n<\/ul>\n<p class=\"cvGsUA direction-ltr align-justify para-style-body\"><strong><span class=\"a_GcMg font-feature-liga-off font-feature-clig-off font-feature-calt-off text-decoration-underline text-strikethrough-none\">Avantajlar\u0131<\/span><\/strong><\/p>\n<ul>\n<li><span class=\"a_GcMg font-feature-liga-off font-feature-clig-off font-feature-calt-off text-decoration-none text-strikethrough-none\">Cildi s\u0131k\u0131la\u015ft\u0131r\u0131r, toparlar ve gen\u00e7le\u015ftirir<\/span><\/li>\n<li><span class=\"a_GcMg font-feature-liga-off font-feature-clig-off font-feature-calt-off text-decoration-none text-strikethrough-none\">D\u00fc\u015f\u00fck riskli, minimal invaziv bir i\u015flemdir<\/span><\/li>\n<li><span class=\"a_GcMg font-feature-liga-off font-feature-clig-off font-feature-calt-off text-decoration-none text-strikethrough-none\">K\u0131sa s\u00fcrede iyile\u015fme sa\u011flar<\/span><\/li>\n<li><span class=\"a_GcMg font-feature-liga-off font-feature-clig-off font-feature-calt-off text-decoration-none text-strikethrough-none\">Ameliyats\u0131z y\u00fcz ve v\u00fccut gen\u00e7le\u015ftirme sunar<\/span><\/li>\n<li><span class=\"a_GcMg font-feature-liga-off font-feature-clig-off font-feature-calt-off text-decoration-none text-strikethrough-none\">Liposuction ile birlikte etkisi daha da artar<\/span><\/li>\n<\/ul>\n\n    <div class=\"xs_social_share_widget xs_share_url after_content \t\tmain_content  wslu-style-1 wslu-share-box-shaped wslu-fill-colored wslu-none wslu-share-horizontal wslu-theme-font-no wslu-main_content\">\n\n\t\t\n        <ul>\n\t\t\t        <\/ul>\n    <\/div>","protected":false},"excerpt":{"rendered":"<p class=\"cvGsUA direction-ltr align-justify para-style-body\"><span class=\"a_GcMg font-feature-liga-off font-feature-clig-off font-feature-calt-off text-decoration-underline text-strikethrough-none\">Cildinizin Alt\u0131nda Yenilik\u00e7i Bir S\u0131k\u0131la\u015fma Tedavisi<\/span><\/p>\n<p class=\"cvGsUA direction-ltr align-justify para-style-body\"><span class=\"a_GcMg font-feature-liga-off font-feature-clig-off font-feature-calt-off text-decoration-none text-strikethrough-none\">J Plasma; radyofrekans enerjisi ile helyum gaz\u0131n\u0131n birle\u015fiminden olu\u015fan plazma teknolojisi sayesinde, cildin alt katmanlar\u0131n\u0131 hedef alarak ciltte g\u00f6zle g\u00f6r\u00fcl\u00fcr bir s\u0131k\u0131la\u015fma ve toparlanma sa\u011flar. Ameliyats\u0131z ya da minimal cerrahi se\u00e7eneklerle uygulanabilir.<\/span><\/p>","protected":false},"featured_media":13337,"comment_status":"closed","ping_status":"closed","template":"","meta":{"_acf_changed":false},"product_brand":[],"product_cat":[34],"product_tag":[],"class_list":{"0":"post-13009","1":"product","2":"type-product","3":"status-publish","4":"has-post-thumbnail","6":"product_cat-estetik-cerrahi","8":"first","9":"instock","10":"sold-individually","11":"shipping-taxable","12":"product-type-simple"},"acf":[],"_links":{"self":[{"href":"https:\/\/www.evrenhelvaci.com\/en\/wp-json\/wp\/v2\/product\/13009","targetHints":{"allow":["GET"]}}],"collection":[{"href":"https:\/\/www.evrenhelvaci.com\/en\/wp-json\/wp\/v2\/product"}],"about":[{"href":"https:\/\/www.evrenhelvaci.com\/en\/wp-json\/wp\/v2\/types\/product"}],"replies":[{"embeddable":true,"href":"https:\/\/www.evrenhelvaci.com\/en\/wp-json\/wp\/v2\/comments?post=13009"}],"wp:featuredmedia":[{"embeddable":true,"href":"https:\/\/www.evrenhelvaci.com\/en\/wp-json\/wp\/v2\/media\/13337"}],"wp:attachment":[{"href":"https:\/\/www.evrenhelvaci.com\/en\/wp-json\/wp\/v2\/media?parent=13009"}],"wp:term":[{"taxonomy":"product_brand","embeddable":true,"href":"https:\/\/www.evrenhelvaci.com\/en\/wp-json\/wp\/v2\/product_brand?post=13009"},{"taxonomy":"product_cat","embeddable":true,"href":"https:\/\/www.evrenhelvaci.com\/en\/wp-json\/wp\/v2\/product_cat?post=13009"},{"taxonomy":"product_tag","embeddable":true,"href":"https:\/\/www.evrenhelvaci.com\/en\/wp-json\/wp\/v2\/product_tag?post=13009"}],"curies":[{"name":"wp","href":"https:\/\/api.w.org\/{rel}","templated":true}]}}