{"id":13992,"date":"2026-02-06T21:14:26","date_gmt":"2026-02-06T21:14:26","guid":{"rendered":"https:\/\/www.evrenhelvaci.com\/?post_type=product&#038;p=13992"},"modified":"2026-02-06T21:17:43","modified_gmt":"2026-02-06T21:17:43","slug":"uyluk-germe-thigh-lift","status":"publish","type":"product","link":"https:\/\/www.evrenhelvaci.com\/en\/product\/uyluk-germe-thigh-lift\/","title":{"rendered":"Uyluk Germe (Thigh Lift)"},"content":{"rendered":"<p>Uyluk Germe Nedir?<br \/>\n\u00d6zellikle i\u00e7 bacak derisi olduk\u00e7a ince ve hassas bir yap\u0131ya sahiptir. Sporla s\u0131k\u0131la\u015fmas\u0131 en zor b\u00f6lgelerden biri olan uyluk b\u00f6lgesinde, deri elastikiyetini kaybetti\u011finde sarkmalar ka\u00e7\u0131n\u0131lmaz olur. Uyluk germe operasyonuyla bu b\u00f6lgedeki fazla deri \u00e7\u0131kar\u0131l\u0131r ve bacak konturu yukar\u0131 do\u011fru gerilerek yeniden \u015fekillendirilmi\u015f olur.<\/p>\n<p>Uygulama Alanlar\u0131<br \/>\n&#8211; \u0130\u00e7 bacak b\u00f6lgesinde belirgin sarkma ve deri katlanmas\u0131 olanlar<\/p>\n<p>&#8211; H\u0131zl\u0131 kilo kayb\u0131 (t\u00fcp mide cerrahisi sonras\u0131 vb.) nedeniyle bacak dokusu bo\u015falan ki\u015filer<\/p>\n<p>&#8211; Y\u00fcr\u00fcrken i\u00e7 bacaklar\u0131n birbirine s\u00fcrt\u00fcnmesinden kaynakl\u0131 tahri\u015f ya\u015fayanlar<\/p>\n<p>&#8211; Bacak hatlar\u0131n\u0131 daha ince ve gergin g\u00f6stermek isteyenler<\/p>\n<p>&#8211; Deri kalitesinde kay\u0131p ya\u015fayan ve elastikiyet kayb\u0131 belirgin olan bireyler<\/p>\n<p>\u0130\u015flem S\u00fcresi ve Etkisi<br \/>\nS\u00fcre: 2 \u2013 3 saat<\/p>\n<p>Anestezi: Genel anestezi<\/p>\n<p>Hastanede Kal\u0131\u015f: 1 gece<\/p>\n<p>\u0130yile\u015fme: 7\u201310 g\u00fcn i\u00e7inde sosyal ya\u015fama d\u00f6n\u00fc\u015f, tam iyile\u015fme 4-6 hafta<\/p>\n<p>\u0130z: Kesi, genellikle kas\u0131k b\u00f6lgesindeki do\u011fal katlant\u0131 \u00e7izgilerine gizlenir; sarkma fazlaysa bacak i\u00e7 k\u0131sm\u0131nda kalacak \u015fekilde planlan\u0131r.<\/p>\n<p>Avantajlar\u0131<br \/>\n&#8211; Bacaklardaki sark\u0131k g\u00f6r\u00fcn\u00fcm\u00fc kal\u0131c\u0131 olarak ortadan kald\u0131r\u0131r.<\/p>\n<p>&#8211; \u0130\u00e7 bacak s\u00fcrt\u00fcnmesinden kaynakl\u0131 pi\u015fik ve rahats\u0131zl\u0131\u011f\u0131 giderir.<\/p>\n<p>&#8211; Daha ince ve estetik bir bacak sil\u00fceti olu\u015fturur.<\/p>\n<p>&#8211; Dar k\u0131yafetler ve mayo\/bikini kullan\u0131m\u0131nda \u00f6zg\u00fcveni art\u0131r\u0131r.<\/p>\n<p>Ya\u015flanma etkilerini bacak b\u00f6lgesinde minimalize eder.<\/p>\n\n    <div class=\"xs_social_share_widget xs_share_url after_content \t\tmain_content  wslu-style-1 wslu-share-box-shaped wslu-fill-colored wslu-none wslu-share-horizontal wslu-theme-font-no wslu-main_content\">\n\n\t\t\n        <ul>\n\t\t\t        <\/ul>\n    <\/div>","protected":false},"excerpt":{"rendered":"<p class=\"cvGsUA direction-ltr align-justify para-style-body\">Daha S\u0131k\u0131, \u0130nce ve Formda Bacak Hatlar\u0131<br \/>\nUyluk germe, bacaklar\u0131n \u00fcst ve i\u00e7 k\u0131s\u0131mlar\u0131nda a\u015f\u0131r\u0131 kilo al\u0131p verme, ya\u015flanma veya genetik fakt\u00f6rlere ba\u011fl\u0131 olarak meydana gelen deri sarkmalar\u0131n\u0131 ve gev\u015femeleri gidermek amac\u0131yla yap\u0131lan cerrahi bir i\u015flemdir. Bu operasyon, bacak i\u00e7indeki fazla deri ve ya\u011f dokusunu uzakla\u015ft\u0131rarak daha p\u00fcr\u00fczs\u00fcz ve s\u0131k\u0131 bir bacak profili olu\u015fturur.<\/p>","protected":false},"featured_media":13993,"comment_status":"closed","ping_status":"closed","template":"","meta":{"_acf_changed":false},"product_brand":[],"product_cat":[34],"product_tag":[],"class_list":{"0":"post-13992","1":"product","2":"type-product","3":"status-publish","4":"has-post-thumbnail","6":"product_cat-estetik-cerrahi","8":"first","9":"instock","10":"sold-individually","11":"shipping-taxable","12":"product-type-simple"},"acf":[],"_links":{"self":[{"href":"https:\/\/www.evrenhelvaci.com\/en\/wp-json\/wp\/v2\/product\/13992","targetHints":{"allow":["GET"]}}],"collection":[{"href":"https:\/\/www.evrenhelvaci.com\/en\/wp-json\/wp\/v2\/product"}],"about":[{"href":"https:\/\/www.evrenhelvaci.com\/en\/wp-json\/wp\/v2\/types\/product"}],"replies":[{"embeddable":true,"href":"https:\/\/www.evrenhelvaci.com\/en\/wp-json\/wp\/v2\/comments?post=13992"}],"wp:featuredmedia":[{"embeddable":true,"href":"https:\/\/www.evrenhelvaci.com\/en\/wp-json\/wp\/v2\/media\/13993"}],"wp:attachment":[{"href":"https:\/\/www.evrenhelvaci.com\/en\/wp-json\/wp\/v2\/media?parent=13992"}],"wp:term":[{"taxonomy":"product_brand","embeddable":true,"href":"https:\/\/www.evrenhelvaci.com\/en\/wp-json\/wp\/v2\/product_brand?post=13992"},{"taxonomy":"product_cat","embeddable":true,"href":"https:\/\/www.evrenhelvaci.com\/en\/wp-json\/wp\/v2\/product_cat?post=13992"},{"taxonomy":"product_tag","embeddable":true,"href":"https:\/\/www.evrenhelvaci.com\/en\/wp-json\/wp\/v2\/product_tag?post=13992"}],"curies":[{"name":"wp","href":"https:\/\/api.w.org\/{rel}","templated":true}]}}